{"id":2798,"date":"2010-11-09T18:10:42","date_gmt":"2010-11-09T17:10:42","guid":{"rendered":"http:\/\/gesudere.at\/blog\/?page_id=2798"},"modified":"2025-05-21T17:40:01","modified_gmt":"2025-05-21T15:40:01","slug":"uber-diesen-blog","status":"publish","type":"page","link":"http:\/\/gesudere.at\/blog\/?page_id=2798","title":{"rendered":"Impressum"},"content":{"rendered":"<p><strong>Information gem. \u00a7 5 ECG und Offenlegung gem. \u00a7 25 MedienG<\/strong><\/p>\n<p><strong>Diensteanbieter, Autor und Gestalter:<\/strong><\/p>\n<p>Christian M. Kreuziger,<\/p>\n<p>Freier Journalist<\/p>\n<p>1090 Wien, Alserbachstra\u00dfe 35\/1<\/p>\n<p>UID: ATU 13309506<\/p>\n<p>E-Mail: suderer &lt;@&gt; gesudere.at<\/p>\n<p><strong>Offenlegung \u00a7 25 MedienG<\/strong><\/p>\n<p>Medieninhaber und Herausgeber: Christian M. Kreuziger, 1090 Wien<\/p>\n<p>Grundlegende Richtung: \u201eDas \u00fcbliche Gesudere\u201c ist ein unabh\u00e4ngiger Blog.<\/p>\n<p><strong>Haftung:<\/strong> Alle Texte auf der Website wurden sorgf\u00e4ltig gepr\u00fcft. Dessen ungeachtet kann keine Garantie f\u00fcr Richtigkeit, Vollst\u00e4ndigkeit und Aktualit\u00e4t der Angaben \u00fcbernommen werden.<\/p>\n<p><strong>Copyright<\/strong>: Alle Texte, Grafiken, Bilder, Audio- und Videofiles sind urheberrechtlich gesch\u00fctzt; eine Verwendung ist nur mit ausdr\u00fccklicher und schriftlicher Genehmigung zul\u00e4ssig.<\/p>\n<p><strong>Links:<\/strong> Links auf diese Website &#8211; auch auf Seiten in der Tiefe &#8211; sind erw\u00fcnscht. Eine \u00dcbernahme des Hauptfensters in ein Frame-Set des Linksetzers ist unzul\u00e4ssig.<\/p>\n<p>Eigene Links auf fremde Seiten stellen nur Wegweiser zu diesen Seiten dar. Der Herausgeber identifiziert sich nicht mit dem Inhalt der Seiten, auf die gelinkt wird und \u00fcbernimmt daf\u00fcr keine Haftung; er setzt bewusst auch Links auf Seiten, auf denen andere Meinungen vertreten werden, um dem Leser ein m\u00f6glichst breites Spektrum zu bieten. Sollte eine der Seiten, auf die gelinkt wird, bedenkliche oder rechtswidrige Inhalte aufweisen, wird um Mitteilung ersucht; in einem solchen Falle wird der entsprechende Link sofort gel\u00f6scht.<\/p>\n<p>Wir greifen auf Drittanbieter zur\u00fcck, um Anzeigen zu schalten, wenn Sie unsere Website besuchen. Diese Unternehmen nutzen m\u00f6glicherweise Informationen (dies schlie\u00dft nicht Ihren Namen, Ihre Adresse, E-Mail-Adresse oder Telefonnummer ein) zu Ihren Besuchen dieser und anderer Websites, damit Anzeigen zu Produkten und Diensten geschaltet werden k\u00f6nnen, die Sie interessieren.<\/p>\n<div><div style=\"padding-top:10px;margin-bottom:10px;font-size:10pt;font-family:arial;font-weight:bold;\">Did you like this? Share it:<\/div><div class=simplesocial><a href=\"http:\/\/twitter.com\/share\" data-url=\"http:\/\/gesudere.at\/blog\/?page_id=2798\" data-text=\"Impressum\" class=\"twitter-share-button\" data-count=\"horizontal\">Tweet<\/a><script type=\"text\/javascript\" src=\"http:\/\/platform.twitter.com\/widgets.js\"><\/script><\/div><div class=simplesocial><iframe src=\"http:\/\/www.facebook.com\/plugins\/like.php?href=http%3A%2F%2Fgesudere.at%2Fblog%2F%3Fpage_id%3D2798&layout=standard&show_faces=false&width=450&action=like&colorscheme=light&height=35\" scrolling=\"no\" frameborder=\"0\" style=\"border:none; overflow:hidden; width:450px; height:25px;\" allowTransparency=\"true\"><\/iframe><\/div><div style=\"clear:both\"><\/div><a class=simplesocial onclick=\"return simplesocial(this,500,400)\" title=\"Share on Facebook\" style=\"background:url(http:\/\/gesudere.at\/blog\/wp-content\/plugins\/simple-social-sharing-widgets-icons\/icons_32\/facebook.png)\" href=\"http:\/\/www.facebook.com\/share.php?u=http%3A%2F%2Fgesudere.at%2Fblog%2F%3Fpage_id%3D2798&t=Impressum\"><\/a><a class=simplesocial onclick=\"return simplesocial(this,812,420)\" title=\"Share on Twitter\" style=\"background:url(http:\/\/gesudere.at\/blog\/wp-content\/plugins\/simple-social-sharing-widgets-icons\/icons_32\/twitter.png)\" href=\"http:\/\/twitter.com\/home?status=http%3A%2F%2Fgesudere.at%2Fblog%2F%3Fpage_id%3D2798\"><\/a><a class=simplesocial onclick=\"return simplesocial(this,435,500)\" title=\"Email a Friend\" style=\"background:url(http:\/\/gesudere.at\/blog\/wp-content\/plugins\/simple-social-sharing-widgets-icons\/icons_32\/email.png)\" href=\"http:\/\/www.freetellafriend.com\/tell\/?heading=Share+This+Article&bg=1&option=email&url=http%3A%2F%2Fgesudere.at%2Fblog%2F%3Fpage_id%3D2798\"><\/a><a class=simplesocial onclick=\"return simplesocial(this,750,500)\" title=\"Share on Blogger\" style=\"background:url(http:\/\/gesudere.at\/blog\/wp-content\/plugins\/simple-social-sharing-widgets-icons\/icons_32\/blogger.png)\" href=\"http:\/\/www.blogger.com\/blog_this.pyra?t&u=http%3A%2F%2Fgesudere.at%2Fblog%2F%3Fpage_id%3D2798&n=Impressum&pli=1\"><\/a><a class=simplesocial onclick=\"return simplesocial(this,890,550)\" title=\"Share on Delicious\" style=\"background:url(http:\/\/gesudere.at\/blog\/wp-content\/plugins\/simple-social-sharing-widgets-icons\/icons_32\/delicious.png)\" href=\"http:\/\/del.icio.us\/post?url=http%3A%2F%2Fgesudere.at%2Fblog%2F%3Fpage_id%3D2798&title=Impressum\"><\/a><a class=simplesocial onclick=\"return simplesocial(this,812,420)\" title=\"Share on Digg\" style=\"background:url(http:\/\/gesudere.at\/blog\/wp-content\/plugins\/simple-social-sharing-widgets-icons\/icons_32\/digg.png)\" href=\"http:\/\/digg.com\/submit?url=http%3A%2F%2Fgesudere.at%2Fblog%2F%3Fpage_id%3D2798&title=Impressum\"><\/a><a class=simplesocial onclick=\"return simplesocial(this,750,500)\" title=\"Share on Google\" style=\"background:url(http:\/\/gesudere.at\/blog\/wp-content\/plugins\/simple-social-sharing-widgets-icons\/icons_32\/google.png)\" href=\"http:\/\/www.google.com\/bookmarks\/mark?op=add&bkmk=http%3A%2F%2Fgesudere.at%2Fblog%2F%3Fpage_id%3D2798&title=Impressum\"><\/a><a class=simplesocial onclick=\"return simplesocial(this,812,420)\" title=\"Share on Myspace\" style=\"background:url(http:\/\/gesudere.at\/blog\/wp-content\/plugins\/simple-social-sharing-widgets-icons\/icons_32\/myspace.png)\" href=\"http:\/\/www.myspace.com\/Modules\/PostTo\/Pages\/?u=http%3A%2F%2Fgesudere.at%2Fblog%2F%3Fpage_id%3D2798&t=Impressum&c=http%3A%2F%2Fgesudere.at%2Fblog%2F%3Fpage_id%3D2798\"><\/a><a class=simplesocial onclick=\"return simplesocial(this,750,500)\" title=\"Share on StumbleUpon\" style=\"background:url(http:\/\/gesudere.at\/blog\/wp-content\/plugins\/simple-social-sharing-widgets-icons\/icons_32\/stumbleupon.png)\" href=\"http:\/\/www.stumbleupon.com\/submit?url=http%3A%2F%2Fgesudere.at%2Fblog%2F%3Fpage_id%3D2798&title=Impressum\"><\/a><a class=simplesocial onclick=\"return simplesocial(this,900,550)\" title=\"Share on Yahoo\" style=\"background:url(http:\/\/gesudere.at\/blog\/wp-content\/plugins\/simple-social-sharing-widgets-icons\/icons_32\/yahoo.png)\" href=\"http:\/\/buzz.yahoo.com\/buzz?targetUrl=http%3A%2F%2Fgesudere.at%2Fblog%2F%3Fpage_id%3D2798&headline=Impressum\"><\/a><a class=simplesocial onclick=\"return simplesocial(this,700,500)\" title=\"Share on Reddit\" style=\"background:url(http:\/\/gesudere.at\/blog\/wp-content\/plugins\/simple-social-sharing-widgets-icons\/icons_32\/reddit.png)\" href=\"http:\/\/reddit.com\/submit?url=http%3A%2F%2Fgesudere.at%2Fblog%2F%3Fpage_id%3D2798&title=Impressum\"><\/a><a class=simplesocial onclick=\"return simplesocial(this,812,500)\" title=\"Share on Technorati\" style=\"background:url(http:\/\/gesudere.at\/blog\/wp-content\/plugins\/simple-social-sharing-widgets-icons\/icons_32\/technorati.png)\" href=\"http:\/\/technorati.com\/faves?sub=favthis&add=http%3A%2F%2Fgesudere.at%2Fblog%2F%3Fpage_id%3D2798\"><\/a><a class=simplesocial title=\"RSS Feed\" style=\"background:url(http:\/\/gesudere.at\/blog\/wp-content\/plugins\/simple-social-sharing-widgets-icons\/icons_32\/rss.png)\" href=\"http:\/\/gesudere.at\/blog\/?feed=rss2\"><\/a><\/div><div style=\"clear:both;margin-bottom:20px\"><\/div>","protected":false},"excerpt":{"rendered":"<p>Information gem. \u00a7 5 ECG und Offenlegung gem. \u00a7 25 MedienG Diensteanbieter, Autor und Gestalter: Christian M. Kreuziger, Freier Journalist 1090 Wien, Alserbachstra\u00dfe 35\/1 UID: ATU 13309506 E-Mail: suderer &lt;@&gt; gesudere.at Offenlegung \u00a7 25 MedienG Medieninhaber und Herausgeber: Christian M. &hellip; <a href=\"http:\/\/gesudere.at\/blog\/?page_id=2798\">Weiterlesen <span class=\"meta-nav\">&rarr;<\/span><\/a><\/p>\n","protected":false},"author":1,"featured_media":0,"parent":0,"menu_order":1,"comment_status":"open","ping_status":"open","template":"","meta":{"footnotes":""},"class_list":["post-2798","page","type-page","status-publish","hentry"],"psp_head":"<title>Impressum  Das ?bliche Gesudere<\/title>\r\n\r\n<meta name=\"robots\" content=\"index,follow\" \/>","_links":{"self":[{"href":"http:\/\/gesudere.at\/blog\/index.php?rest_route=\/wp\/v2\/pages\/2798","targetHints":{"allow":["GET"]}}],"collection":[{"href":"http:\/\/gesudere.at\/blog\/index.php?rest_route=\/wp\/v2\/pages"}],"about":[{"href":"http:\/\/gesudere.at\/blog\/index.php?rest_route=\/wp\/v2\/types\/page"}],"author":[{"embeddable":true,"href":"http:\/\/gesudere.at\/blog\/index.php?rest_route=\/wp\/v2\/users\/1"}],"replies":[{"embeddable":true,"href":"http:\/\/gesudere.at\/blog\/index.php?rest_route=%2Fwp%2Fv2%2Fcomments&post=2798"}],"version-history":[{"count":8,"href":"http:\/\/gesudere.at\/blog\/index.php?rest_route=\/wp\/v2\/pages\/2798\/revisions"}],"predecessor-version":[{"id":6072,"href":"http:\/\/gesudere.at\/blog\/index.php?rest_route=\/wp\/v2\/pages\/2798\/revisions\/6072"}],"wp:attachment":[{"href":"http:\/\/gesudere.at\/blog\/index.php?rest_route=%2Fwp%2Fv2%2Fmedia&parent=2798"}],"curies":[{"name":"wp","href":"https:\/\/api.w.org\/{rel}","templated":true}]}}